{"id":8562,"date":"2021-04-22T14:55:54","date_gmt":"2021-04-22T12:55:54","guid":{"rendered":"https:\/\/www.innosolv.ch\/donation-ou-serviette-de-bain\/"},"modified":"2021-05-10T08:03:02","modified_gmt":"2021-05-10T06:03:02","slug":"donation-ou-serviette-de-bain","status":"publish","type":"page","link":"https:\/\/www.innosolv.ch\/fr\/donation-ou-serviette-de-bain\/","title":{"rendered":"Donation ou serviette de bain"},"content":{"rendered":"<div class=\"wpb-content-wrapper\">[vc_section el_class=\u00a0\u00bbbrown-color-section\u00a0\u00bb][vc_row][vc_column][vc_empty_space height=\u00a0\u00bb10vh\u00a0\u00bb][\/vc_column][\/vc_row][vc_row][vc_column][vc_column_text]\n<h2>Serviette de bain<\/h2>\n[\/vc_column_text][vc_column_text]\n<h4>Cette serviette de bain de 75&#215;175 cm ne p\u00e8se que 270 grammes. Elle est fabriqu\u00e9e en polyester recycl\u00e9 \u00e0 100% et est tr\u00e8s fine. Nous vous l&rsquo;enverrons par la poste dans une enveloppe au plus tard \u00e0 la fin du mois de juin.<\/h4>\n[\/vc_column_text][vc_single_image image=\u00a0\u00bb8558&Prime; img_size=\u00a0\u00bbfull\u00a0\u00bb][vc_column_text]\n<h2>Dons<\/h2>\n[\/vc_column_text][vc_column_text]\n<h4>Dans les situations de crise, ce sont les membres les plus faibles d&rsquo;une soci\u00e9t\u00e9 qui souffrent le plus. C&rsquo;est \u00e9galement le cas avec la pand\u00e9mie de coronavirus, comme le montrent clairement les nombreuses demandes d&rsquo;aide adress\u00e9es \u00e0 Caritas.<\/h4>\n<p>&nbsp;<\/p>\n<h4>En tant que fournisseur de logiciels, innosolv n&rsquo;est pas affect\u00e9 financi\u00e8rement par la crise. C&rsquo;est pourquoi nous souhaitons faire preuve de solidarit\u00e9. Si vous choisissez le gadget \u00ab\u00a0Dons\u00a0\u00bb, nous transf\u00e9rerons 20 francs \u00e0 Caritas.<\/h4>\n<p>&nbsp;<\/p>\n<h4>Vous trouverez plus d&rsquo;informations <a href=\"https:\/\/www.caritas.ch\/fr\/ce-que-nous-disons\/nos-actions\/la-crise-du-coronavirus-accroit-la-pauvrete.html\">ici<\/a>.<\/h4>\n[\/vc_column_text][\/vc_column][\/vc_row][vc_row][vc_column][vc_empty_space height=\u00a0\u00bb10vh\u00a0\u00bb][\/vc_column][\/vc_row][\/vc_section]\n<\/div>","protected":false},"excerpt":{"rendered":"<p>[vc_section el_class=\u00a0\u00bbbrown-color-section\u00a0\u00bb][vc_row][vc_column][vc_empty_space height=\u00a0\u00bb10vh\u00a0\u00bb][\/vc_column][\/vc_row][vc_row][vc_column][vc_column_text] Serviette de bain [\/vc_column_text][vc_column_text] Cette serviette de bain de 75&#215;175 cm ne p\u00e8se que 270 grammes. Elle est fabriqu\u00e9e en polyester recycl\u00e9 \u00e0 100% et est tr\u00e8s fine. Nous vous l&rsquo;enverrons par la poste dans une enveloppe au plus tard \u00e0 la fin du mois de juin. [\/vc_column_text][vc_single_image image=\u00a0\u00bb8558&Prime; img_size=\u00a0\u00bbfull\u00a0\u00bb][vc_column_text] Dons [\/vc_column_text][vc_column_text] [&hellip;]<\/p>\n","protected":false},"author":8,"featured_media":0,"parent":0,"menu_order":0,"comment_status":"closed","ping_status":"closed","template":"","meta":{"_acf_changed":false,"inline_featured_image":false,"footnotes":""},"class_list":["post-8562","page","type-page","status-publish","hentry"],"acf":[],"yoast_head":"<!-- This site is optimized with the Yoast SEO plugin v26.7 - https:\/\/yoast.com\/wordpress\/plugins\/seo\/ -->\n<title>Donation ou serviette de bain - Innosolv AG - 100% Swiss made Software vom Marktf\u00fchrer<\/title>\n<meta name=\"robots\" content=\"index, follow, max-snippet:-1, max-image-preview:large, max-video-preview:-1\" \/>\n<link rel=\"canonical\" href=\"https:\/\/www.innosolv.ch\/spende-oder-badetuch\/\" \/>\n<meta property=\"og:locale\" content=\"fr_FR\" \/>\n<meta property=\"og:type\" content=\"article\" \/>\n<meta property=\"og:title\" content=\"Donation ou serviette de bain - Innosolv AG - 100% Swiss made Software vom Marktf\u00fchrer\" \/>\n<meta property=\"og:description\" content=\"[vc_section el_class=\u00a0\u00bbbrown-color-section\u00a0\u00bb][vc_row][vc_column][vc_empty_space height=\u00a0\u00bb10vh\u00a0\u00bb][\/vc_column][\/vc_row][vc_row][vc_column][vc_column_text] Serviette de bain [\/vc_column_text][vc_column_text] Cette serviette de bain de 75&#215;175 cm ne p\u00e8se que 270 grammes. Elle est fabriqu\u00e9e en polyester recycl\u00e9 \u00e0 100% et est tr\u00e8s fine. Nous vous l&rsquo;enverrons par la poste dans une enveloppe au plus tard \u00e0 la fin du mois de juin. [\/vc_column_text][vc_single_image image=\u00a0\u00bb8558&Prime; img_size=\u00a0\u00bbfull\u00a0\u00bb][vc_column_text] Dons [\/vc_column_text][vc_column_text] [&hellip;]\" \/>\n<meta property=\"og:url\" content=\"https:\/\/www.innosolv.ch\/spende-oder-badetuch\/\" \/>\n<meta property=\"og:site_name\" content=\"Innosolv AG - 100% Swiss made Software vom Marktf\u00fchrer\" \/>\n<meta property=\"article:modified_time\" content=\"2021-05-10T06:03:02+00:00\" \/>\n<meta name=\"twitter:card\" content=\"summary_large_image\" \/>\n<meta name=\"twitter:label1\" content=\"Dur\u00e9e de lecture estim\u00e9e\" \/>\n\t<meta name=\"twitter:data1\" content=\"1 minute\" \/>\n<script type=\"application\/ld+json\" class=\"yoast-schema-graph\">{\"@context\":\"https:\/\/schema.org\",\"@graph\":[{\"@type\":\"WebPage\",\"@id\":\"https:\/\/www.innosolv.ch\/spende-oder-badetuch\/\",\"url\":\"https:\/\/www.innosolv.ch\/spende-oder-badetuch\/\",\"name\":\"Donation ou serviette de bain - Innosolv AG - 100% Swiss made Software vom Marktf\u00fchrer\",\"isPartOf\":{\"@id\":\"https:\/\/www.innosolv.ch\/#website\"},\"datePublished\":\"2021-04-22T12:55:54+00:00\",\"dateModified\":\"2021-05-10T06:03:02+00:00\",\"breadcrumb\":{\"@id\":\"https:\/\/www.innosolv.ch\/spende-oder-badetuch\/#breadcrumb\"},\"inLanguage\":\"fr-FR\",\"potentialAction\":[{\"@type\":\"ReadAction\",\"target\":[\"https:\/\/www.innosolv.ch\/spende-oder-badetuch\/\"]}]},{\"@type\":\"BreadcrumbList\",\"@id\":\"https:\/\/www.innosolv.ch\/spende-oder-badetuch\/#breadcrumb\",\"itemListElement\":[{\"@type\":\"ListItem\",\"position\":1,\"name\":\"Startseite\",\"item\":\"https:\/\/www.innosolv.ch\/fr\/\"},{\"@type\":\"ListItem\",\"position\":2,\"name\":\"Donation ou serviette de bain\"}]},{\"@type\":\"WebSite\",\"@id\":\"https:\/\/www.innosolv.ch\/#website\",\"url\":\"https:\/\/www.innosolv.ch\/\",\"name\":\"Innosolv AG - 100% Swiss made Software vom Marktf\u00fchrer\",\"description\":\"\",\"potentialAction\":[{\"@type\":\"SearchAction\",\"target\":{\"@type\":\"EntryPoint\",\"urlTemplate\":\"https:\/\/www.innosolv.ch\/?s={search_term_string}\"},\"query-input\":{\"@type\":\"PropertyValueSpecification\",\"valueRequired\":true,\"valueName\":\"search_term_string\"}}],\"inLanguage\":\"fr-FR\"}]}<\/script>\n<!-- \/ Yoast SEO plugin. -->","yoast_head_json":{"title":"Donation ou serviette de bain - Innosolv AG - 100% Swiss made Software vom Marktf\u00fchrer","robots":{"index":"index","follow":"follow","max-snippet":"max-snippet:-1","max-image-preview":"max-image-preview:large","max-video-preview":"max-video-preview:-1"},"canonical":"https:\/\/www.innosolv.ch\/spende-oder-badetuch\/","og_locale":"fr_FR","og_type":"article","og_title":"Donation ou serviette de bain - Innosolv AG - 100% Swiss made Software vom Marktf\u00fchrer","og_description":"[vc_section el_class=\u00a0\u00bbbrown-color-section\u00a0\u00bb][vc_row][vc_column][vc_empty_space height=\u00a0\u00bb10vh\u00a0\u00bb][\/vc_column][\/vc_row][vc_row][vc_column][vc_column_text] Serviette de bain [\/vc_column_text][vc_column_text] Cette serviette de bain de 75&#215;175 cm ne p\u00e8se que 270 grammes. Elle est fabriqu\u00e9e en polyester recycl\u00e9 \u00e0 100% et est tr\u00e8s fine. Nous vous l&rsquo;enverrons par la poste dans une enveloppe au plus tard \u00e0 la fin du mois de juin. [\/vc_column_text][vc_single_image image=\u00a0\u00bb8558&Prime; img_size=\u00a0\u00bbfull\u00a0\u00bb][vc_column_text] Dons [\/vc_column_text][vc_column_text] [&hellip;]","og_url":"https:\/\/www.innosolv.ch\/spende-oder-badetuch\/","og_site_name":"Innosolv AG - 100% Swiss made Software vom Marktf\u00fchrer","article_modified_time":"2021-05-10T06:03:02+00:00","twitter_card":"summary_large_image","twitter_misc":{"Dur\u00e9e de lecture estim\u00e9e":"1 minute"},"schema":{"@context":"https:\/\/schema.org","@graph":[{"@type":"WebPage","@id":"https:\/\/www.innosolv.ch\/spende-oder-badetuch\/","url":"https:\/\/www.innosolv.ch\/spende-oder-badetuch\/","name":"Donation ou serviette de bain - Innosolv AG - 100% Swiss made Software vom Marktf\u00fchrer","isPartOf":{"@id":"https:\/\/www.innosolv.ch\/#website"},"datePublished":"2021-04-22T12:55:54+00:00","dateModified":"2021-05-10T06:03:02+00:00","breadcrumb":{"@id":"https:\/\/www.innosolv.ch\/spende-oder-badetuch\/#breadcrumb"},"inLanguage":"fr-FR","potentialAction":[{"@type":"ReadAction","target":["https:\/\/www.innosolv.ch\/spende-oder-badetuch\/"]}]},{"@type":"BreadcrumbList","@id":"https:\/\/www.innosolv.ch\/spende-oder-badetuch\/#breadcrumb","itemListElement":[{"@type":"ListItem","position":1,"name":"Startseite","item":"https:\/\/www.innosolv.ch\/fr\/"},{"@type":"ListItem","position":2,"name":"Donation ou serviette de bain"}]},{"@type":"WebSite","@id":"https:\/\/www.innosolv.ch\/#website","url":"https:\/\/www.innosolv.ch\/","name":"Innosolv AG - 100% Swiss made Software vom Marktf\u00fchrer","description":"","potentialAction":[{"@type":"SearchAction","target":{"@type":"EntryPoint","urlTemplate":"https:\/\/www.innosolv.ch\/?s={search_term_string}"},"query-input":{"@type":"PropertyValueSpecification","valueRequired":true,"valueName":"search_term_string"}}],"inLanguage":"fr-FR"}]}},"_links":{"self":[{"href":"https:\/\/www.innosolv.ch\/fr\/wp-json\/wp\/v2\/pages\/8562","targetHints":{"allow":["GET"]}}],"collection":[{"href":"https:\/\/www.innosolv.ch\/fr\/wp-json\/wp\/v2\/pages"}],"about":[{"href":"https:\/\/www.innosolv.ch\/fr\/wp-json\/wp\/v2\/types\/page"}],"author":[{"embeddable":true,"href":"https:\/\/www.innosolv.ch\/fr\/wp-json\/wp\/v2\/users\/8"}],"replies":[{"embeddable":true,"href":"https:\/\/www.innosolv.ch\/fr\/wp-json\/wp\/v2\/comments?post=8562"}],"version-history":[{"count":0,"href":"https:\/\/www.innosolv.ch\/fr\/wp-json\/wp\/v2\/pages\/8562\/revisions"}],"wp:attachment":[{"href":"https:\/\/www.innosolv.ch\/fr\/wp-json\/wp\/v2\/media?parent=8562"}],"curies":[{"name":"wp","href":"https:\/\/api.w.org\/{rel}","templated":true}]}}